{"id":672,"date":"2021-11-07T23:03:56","date_gmt":"2021-11-07T22:03:56","guid":{"rendered":"http:\/\/dev.enginit.se\/?page_id=672"},"modified":"2026-03-24T14:21:02","modified_gmt":"2026-03-24T13:21:02","slug":"kontakta-oss","status":"publish","type":"page","link":"https:\/\/enginit.se\/en\/kontakta-oss\/","title":{"rendered":"Contact us"},"content":{"rendered":"<div data-elementor-type=\"wp-page\" data-elementor-id=\"672\" class=\"elementor elementor-672\" data-elementor-post-type=\"page\">\n\t\t\t\t\t\t<section class=\"elementor-section elementor-top-section elementor-element elementor-element-642a6c40 elementor-section-content-middle elementor-section-boxed elementor-section-height-default elementor-section-height-default\" data-id=\"642a6c40\" data-element_type=\"section\" data-e-type=\"section\" data-settings=\"{&quot;background_background&quot;:&quot;classic&quot;}\">\n\t\t\t\t\t\t\t<div class=\"elementor-background-overlay\"><\/div>\n\t\t\t\t\t\t\t<div class=\"elementor-container elementor-column-gap-no\">\n\t\t\t\t\t<div class=\"elementor-column elementor-col-50 elementor-top-column elementor-element elementor-element-6b6f2b9f\" data-id=\"6b6f2b9f\" data-element_type=\"column\" data-e-type=\"column\" data-settings=\"{&quot;background_background&quot;:&quot;classic&quot;}\">\n\t\t\t<div class=\"elementor-widget-wrap elementor-element-populated\">\n\t\t\t\t\t\t<div class=\"elementor-element elementor-element-1fe87ba elementor-widget elementor-widget-spacer\" data-id=\"1fe87ba\" data-element_type=\"widget\" data-e-type=\"widget\" data-widget_type=\"spacer.default\">\n\t\t\t\t<div class=\"elementor-widget-container\">\n\t\t\t\t\t\t\t<div class=\"elementor-spacer\">\n\t\t\t<div class=\"elementor-spacer-inner\"><\/div>\n\t\t<\/div>\n\t\t\t\t\t\t<\/div>\n\t\t\t\t<\/div>\n\t\t\t\t<div class=\"elementor-element elementor-element-1e7ed76f elementor-widget elementor-widget-heading\" data-id=\"1e7ed76f\" data-element_type=\"widget\" data-e-type=\"widget\" id=\"Contact\" data-widget_type=\"heading.default\">\n\t\t\t\t<div class=\"elementor-widget-container\">\n\t\t\t\t\t<h1 class=\"elementor-heading-title elementor-size-large\">Contact us<\/h1>\t\t\t\t<\/div>\n\t\t\t\t<\/div>\n\t\t\t\t<div class=\"elementor-element elementor-element-17ef3316 elementor-widget elementor-widget-text-editor\" data-id=\"17ef3316\" data-element_type=\"widget\" data-e-type=\"widget\" data-widget_type=\"text-editor.default\">\n\t\t\t\t<div class=\"elementor-widget-container\">\n\t\t\t\t\t\t\t\t\t<p>Curious and want to know more? Reach out to us and we'll talk!<\/p><p><strong>Carl-Joel J\u00e4rvi \u2013 Sales Manager<\/strong><br \/>E-post: <a href=\"mailto:cj@enginit.se\">cj@enginit.se<\/a> |\u00a0Phone: <a href=\"tel:+46707522250\">070-752 22 50<\/a><\/p><p><strong>Mattias Skohg \u2013 Solution Architect<\/strong><br \/>E-post: <a href=\"mailto:mattias@enginit.se\">mattias@enginit.se\u00a0<\/a> |\u00a0Phone: <a href=\"tel:+4670-459 97 52\">070-459 97 52<\/a><\/p><p><strong>Support:<\/strong><br \/>E-post: <a href=\"mailto:support@enginit.se\">support@enginit.se<\/a><\/p>\t\t\t\t\t\t\t\t<\/div>\n\t\t\t\t<\/div>\n\t\t\t\t<div class=\"elementor-element elementor-element-4236b00b elementor-widget elementor-widget-heading\" data-id=\"4236b00b\" data-element_type=\"widget\" data-e-type=\"widget\" data-widget_type=\"heading.default\">\n\t\t\t\t<div class=\"elementor-widget-container\">\n\t\t\t\t\t<h3 class=\"elementor-heading-title elementor-size-default\">Follow us<\/h3>\t\t\t\t<\/div>\n\t\t\t\t<\/div>\n\t\t\t\t<div class=\"elementor-element elementor-element-28685017 e-grid-align-left elementor-shape-rounded elementor-grid-0 elementor-widget elementor-widget-social-icons\" data-id=\"28685017\" data-element_type=\"widget\" data-e-type=\"widget\" data-widget_type=\"social-icons.default\">\n\t\t\t\t<div class=\"elementor-widget-container\">\n\t\t\t\t\t\t\t<div class=\"elementor-social-icons-wrapper elementor-grid\">\n\t\t\t\t\t\t\t<span class=\"elementor-grid-item\">\n\t\t\t\t\t<a class=\"elementor-icon elementor-social-icon elementor-social-icon-linkedin elementor-repeater-item-1427f36\" href=\"https:\/\/www.linkedin.com\/company\/engin-it-nordic-ab\/about\/\" target=\"_blank\">\n\t\t\t\t\t\t<span class=\"elementor-screen-only\">Linkedin<\/span>\n\t\t\t\t\t\t<i aria-hidden=\"true\" class=\"fab fa-linkedin\"><\/i>\t\t\t\t\t<\/a>\n\t\t\t\t<\/span>\n\t\t\t\t\t<\/div>\n\t\t\t\t\t\t<\/div>\n\t\t\t\t<\/div>\n\t\t\t\t\t<\/div>\n\t\t<\/div>\n\t\t\t\t<div class=\"elementor-column elementor-col-50 elementor-top-column elementor-element elementor-element-73b47be5\" data-id=\"73b47be5\" data-element_type=\"column\" data-e-type=\"column\">\n\t\t\t<div class=\"elementor-widget-wrap elementor-element-populated\">\n\t\t\t\t\t\t<div class=\"elementor-element elementor-element-53192906 elementor-icon-list--layout-traditional elementor-list-item-link-full_width elementor-widget elementor-widget-icon-list\" data-id=\"53192906\" data-element_type=\"widget\" data-e-type=\"widget\" data-widget_type=\"icon-list.default\">\n\t\t\t\t<div class=\"elementor-widget-container\">\n\t\t\t\t\t\t\t<ul class=\"elementor-icon-list-items\">\n\t\t\t\t\t\t\t<li class=\"elementor-icon-list-item\">\n\t\t\t\t\t\t\t\t\t\t\t<span class=\"elementor-icon-list-icon\">\n\t\t\t\t\t\t\t<i aria-hidden=\"true\" class=\"fas fa-map-marker-alt\"><\/i>\t\t\t\t\t\t<\/span>\n\t\t\t\t\t\t\t\t\t\t<span class=\"elementor-icon-list-text\">Kronobergsgatan 21, 112 33 Stockholm<\/span>\n\t\t\t\t\t\t\t\t\t<\/li>\n\t\t\t\t\t\t\t\t<li class=\"elementor-icon-list-item\">\n\t\t\t\t\t\t\t\t\t\t\t<span class=\"elementor-icon-list-icon\">\n\t\t\t\t\t\t\t<i aria-hidden=\"true\" class=\"far fa-envelope\"><\/i>\t\t\t\t\t\t<\/span>\n\t\t\t\t\t\t\t\t\t\t<span class=\"elementor-icon-list-text\">info@enginit.se<\/span>\n\t\t\t\t\t\t\t\t\t<\/li>\n\t\t\t\t\t\t<\/ul>\n\t\t\t\t\t\t<\/div>\n\t\t\t\t<\/div>\n\t\t\t\t<div class=\"elementor-element elementor-element-3c4e106d elementor-widget elementor-widget-google_maps\" data-id=\"3c4e106d\" data-element_type=\"widget\" data-e-type=\"widget\" data-widget_type=\"google_maps.default\">\n\t\t\t\t<div class=\"elementor-widget-container\">\n\t\t\t\t\t\t\t<div class=\"elementor-custom-embed\">\n\t\t\t<iframe loading=\"lazy\"\n\t\t\t\t\tsrc=\"https:\/\/maps.google.com\/maps?q=engin%20it%20nordic&#038;t=m&#038;z=13&#038;output=embed&#038;iwloc=near\"\n\t\t\t\t\ttitle=\"engin it nordic\"\n\t\t\t\t\taria-label=\"engin it nordic\"\n\t\t\t><\/iframe>\n\t\t<\/div>\n\t\t\t\t\t\t<\/div>\n\t\t\t\t<\/div>\n\t\t\t\t\t<\/div>\n\t\t<\/div>\n\t\t\t\t\t<\/div>\n\t\t<\/section>\n\t\t\t\t<\/div>","protected":false},"excerpt":{"rendered":"<p>Kontakta oss Nyfiken och vill veta mer? H\u00f6r av dig till oss s\u00e5 ber\u00e4ttar vi g\u00e4rna! Carl-Joel J\u00e4rvi &#8211; Sales ManagerE-post: cj@enginit.se |\u00a0Telefon: 070-752 22 50 Mattias Skohg &#8211; Solution ArchitectE-post: mattias@enginit.se\u00a0 |\u00a0Telefon: 070-459 97 52 Support:E-post: support@enginit.se F\u00f6lj oss Linkedin Kronobergsgatan 21, 112 33 Stockholm info@enginit.se<\/p>","protected":false},"author":1,"featured_media":0,"parent":0,"menu_order":0,"comment_status":"closed","ping_status":"closed","template":"","meta":{"site-sidebar-layout":"no-sidebar","site-content-layout":"page-builder","ast-site-content-layout":"full-width-container","site-content-style":"unboxed","site-sidebar-style":"unboxed","ast-global-header-display":"","ast-banner-title-visibility":"","ast-main-header-display":"","ast-hfb-above-header-display":"","ast-hfb-below-header-display":"","ast-hfb-mobile-header-display":"","site-post-title":"disabled","ast-breadcrumbs-content":"","ast-featured-img":"disabled","footer-sml-layout":"","ast-disable-related-posts":"","theme-transparent-header-meta":"","adv-header-id-meta":"","stick-header-meta":"","header-above-stick-meta":"","header-main-stick-meta":"","header-below-stick-meta":"","astra-migrate-meta-layouts":"set","ast-page-background-enabled":"default","ast-page-background-meta":{"desktop":{"background-color":"","background-image":"","background-repeat":"repeat","background-position":"center center","background-size":"auto","background-attachment":"scroll","background-type":"","background-media":"","overlay-type":"","overlay-color":"","overlay-opacity":"","overlay-gradient":""},"tablet":{"background-color":"","background-image":"","background-repeat":"repeat","background-position":"center center","background-size":"auto","background-attachment":"scroll","background-type":"","background-media":"","overlay-type":"","overlay-color":"","overlay-opacity":"","overlay-gradient":""},"mobile":{"background-color":"","background-image":"","background-repeat":"repeat","background-position":"center center","background-size":"auto","background-attachment":"scroll","background-type":"","background-media":"","overlay-type":"","overlay-color":"","overlay-opacity":"","overlay-gradient":""}},"ast-content-background-meta":{"desktop":{"background-color":"var(--ast-global-color-5)","background-image":"","background-repeat":"repeat","background-position":"center center","background-size":"auto","background-attachment":"scroll","background-type":"","background-media":"","overlay-type":"","overlay-color":"","overlay-opacity":"","overlay-gradient":""},"tablet":{"background-color":"var(--ast-global-color-5)","background-image":"","background-repeat":"repeat","background-position":"center center","background-size":"auto","background-attachment":"scroll","background-type":"","background-media":"","overlay-type":"","overlay-color":"","overlay-opacity":"","overlay-gradient":""},"mobile":{"background-color":"var(--ast-global-color-5)","background-image":"","background-repeat":"repeat","background-position":"center center","background-size":"auto","background-attachment":"scroll","background-type":"","background-media":"","overlay-type":"","overlay-color":"","overlay-opacity":"","overlay-gradient":""}},"footnotes":""},"class_list":["post-672","page","type-page","status-publish","hentry"],"yoast_head":"<!-- This site is optimized with the Yoast SEO plugin v27.2 - https:\/\/yoast.com\/product\/yoast-seo-wordpress\/ -->\n<title>Kontakta oss | Engin<\/title>\n<meta name=\"description\" content=\"Kontakta oss! Nyfiken och vill veta mer? H\u00f6r av dig till oss s\u00e5 ber\u00e4ttar vi g\u00e4rna! Beh\u00f6ver du hj\u00e4lp, v\u00e4nligen kontakta support@enginit.se.\" \/>\n<meta name=\"robots\" content=\"index, follow, max-snippet:-1, max-image-preview:large, max-video-preview:-1\" \/>\n<link rel=\"canonical\" href=\"https:\/\/enginit.se\/en\/kontakta-oss\/\" \/>\n<meta property=\"og:locale\" content=\"en_US\" \/>\n<meta property=\"og:type\" content=\"article\" \/>\n<meta property=\"og:title\" content=\"Kontakta oss | Engin\" \/>\n<meta property=\"og:description\" content=\"Kontakta oss! Nyfiken och vill veta mer? H\u00f6r av dig till oss s\u00e5 ber\u00e4ttar vi g\u00e4rna! Beh\u00f6ver du hj\u00e4lp, v\u00e4nligen kontakta support@enginit.se.\" \/>\n<meta property=\"og:url\" content=\"https:\/\/enginit.se\/en\/kontakta-oss\/\" \/>\n<meta property=\"og:site_name\" content=\"Engin\" \/>\n<meta property=\"article:modified_time\" content=\"2026-03-24T13:21:02+00:00\" \/>\n<meta name=\"twitter:card\" content=\"summary_large_image\" \/>\n<meta name=\"twitter:label1\" content=\"Est. reading time\" \/>\n\t<meta name=\"twitter:data1\" content=\"1 minute\" \/>\n<script type=\"application\/ld+json\" class=\"yoast-schema-graph\">{\"@context\":\"https:\/\/schema.org\",\"@graph\":[{\"@type\":\"WebPage\",\"@id\":\"https:\/\/enginit.se\/kontakta-oss\/\",\"url\":\"https:\/\/enginit.se\/kontakta-oss\/\",\"name\":\"Kontakta oss | Engin\",\"isPartOf\":{\"@id\":\"https:\/\/enginit.se\/#website\"},\"datePublished\":\"2021-11-07T22:03:56+00:00\",\"dateModified\":\"2026-03-24T13:21:02+00:00\",\"description\":\"Kontakta oss! Nyfiken och vill veta mer? H\u00f6r av dig till oss s\u00e5 ber\u00e4ttar vi g\u00e4rna! Beh\u00f6ver du hj\u00e4lp, v\u00e4nligen kontakta support@enginit.se.\",\"breadcrumb\":{\"@id\":\"https:\/\/enginit.se\/kontakta-oss\/#breadcrumb\"},\"inLanguage\":\"en-US\",\"potentialAction\":[{\"@type\":\"ReadAction\",\"target\":[\"https:\/\/enginit.se\/kontakta-oss\/\"]}]},{\"@type\":\"BreadcrumbList\",\"@id\":\"https:\/\/enginit.se\/kontakta-oss\/#breadcrumb\",\"itemListElement\":[{\"@type\":\"ListItem\",\"position\":1,\"name\":\"Home\",\"item\":\"https:\/\/enginit.se\/\"},{\"@type\":\"ListItem\",\"position\":2,\"name\":\"Kontakta oss\"}]},{\"@type\":\"WebSite\",\"@id\":\"https:\/\/enginit.se\/#website\",\"url\":\"https:\/\/enginit.se\/\",\"name\":\"Engin\",\"description\":\"En modern systemintegrat\u00f6r\",\"publisher\":{\"@id\":\"https:\/\/enginit.se\/#organization\"},\"alternateName\":\"Engin IT Nordic AB\",\"potentialAction\":[{\"@type\":\"SearchAction\",\"target\":{\"@type\":\"EntryPoint\",\"urlTemplate\":\"https:\/\/enginit.se\/?s={search_term_string}\"},\"query-input\":{\"@type\":\"PropertyValueSpecification\",\"valueRequired\":true,\"valueName\":\"search_term_string\"}}],\"inLanguage\":\"en-US\"},{\"@type\":\"Organization\",\"@id\":\"https:\/\/enginit.se\/#organization\",\"name\":\"Engin IT Nordic AB\",\"url\":\"https:\/\/enginit.se\/\",\"logo\":{\"@type\":\"ImageObject\",\"inLanguage\":\"en-US\",\"@id\":\"https:\/\/enginit.se\/#\/schema\/logo\/image\/\",\"url\":\"https:\/\/enginit.se\/wp-content\/uploads\/2023\/11\/icontext_288ppi.png\",\"contentUrl\":\"https:\/\/enginit.se\/wp-content\/uploads\/2023\/11\/icontext_288ppi.png\",\"width\":7680,\"height\":2455,\"caption\":\"Engin IT Nordic AB\"},\"image\":{\"@id\":\"https:\/\/enginit.se\/#\/schema\/logo\/image\/\"},\"sameAs\":[\"https:\/\/www.linkedin.com\/company\/engin-it-nordic-ab\"]}]}<\/script>\n<!-- \/ Yoast SEO plugin. -->","yoast_head_json":{"title":"Kontakta oss | Engin","description":"Kontakta oss! Nyfiken och vill veta mer? H\u00f6r av dig till oss s\u00e5 ber\u00e4ttar vi g\u00e4rna! Beh\u00f6ver du hj\u00e4lp, v\u00e4nligen kontakta support@enginit.se.","robots":{"index":"index","follow":"follow","max-snippet":"max-snippet:-1","max-image-preview":"max-image-preview:large","max-video-preview":"max-video-preview:-1"},"canonical":"https:\/\/enginit.se\/en\/kontakta-oss\/","og_locale":"en_US","og_type":"article","og_title":"Kontakta oss | Engin","og_description":"Kontakta oss! Nyfiken och vill veta mer? H\u00f6r av dig till oss s\u00e5 ber\u00e4ttar vi g\u00e4rna! Beh\u00f6ver du hj\u00e4lp, v\u00e4nligen kontakta support@enginit.se.","og_url":"https:\/\/enginit.se\/en\/kontakta-oss\/","og_site_name":"Engin","article_modified_time":"2026-03-24T13:21:02+00:00","twitter_card":"summary_large_image","twitter_misc":{"Est. reading time":"1 minute"},"schema":{"@context":"https:\/\/schema.org","@graph":[{"@type":"WebPage","@id":"https:\/\/enginit.se\/kontakta-oss\/","url":"https:\/\/enginit.se\/kontakta-oss\/","name":"Kontakta oss | Engin","isPartOf":{"@id":"https:\/\/enginit.se\/#website"},"datePublished":"2021-11-07T22:03:56+00:00","dateModified":"2026-03-24T13:21:02+00:00","description":"Kontakta oss! Nyfiken och vill veta mer? H\u00f6r av dig till oss s\u00e5 ber\u00e4ttar vi g\u00e4rna! Beh\u00f6ver du hj\u00e4lp, v\u00e4nligen kontakta support@enginit.se.","breadcrumb":{"@id":"https:\/\/enginit.se\/kontakta-oss\/#breadcrumb"},"inLanguage":"en-US","potentialAction":[{"@type":"ReadAction","target":["https:\/\/enginit.se\/kontakta-oss\/"]}]},{"@type":"BreadcrumbList","@id":"https:\/\/enginit.se\/kontakta-oss\/#breadcrumb","itemListElement":[{"@type":"ListItem","position":1,"name":"Home","item":"https:\/\/enginit.se\/"},{"@type":"ListItem","position":2,"name":"Kontakta oss"}]},{"@type":"WebSite","@id":"https:\/\/enginit.se\/#website","url":"https:\/\/enginit.se\/","name":"Engin","description":"En modern systemintegrat\u00f6r","publisher":{"@id":"https:\/\/enginit.se\/#organization"},"alternateName":"Engin IT Nordic AB","potentialAction":[{"@type":"SearchAction","target":{"@type":"EntryPoint","urlTemplate":"https:\/\/enginit.se\/?s={search_term_string}"},"query-input":{"@type":"PropertyValueSpecification","valueRequired":true,"valueName":"search_term_string"}}],"inLanguage":"en-US"},{"@type":"Organization","@id":"https:\/\/enginit.se\/#organization","name":"Engin IT Nordic AB","url":"https:\/\/enginit.se\/","logo":{"@type":"ImageObject","inLanguage":"en-US","@id":"https:\/\/enginit.se\/#\/schema\/logo\/image\/","url":"https:\/\/enginit.se\/wp-content\/uploads\/2023\/11\/icontext_288ppi.png","contentUrl":"https:\/\/enginit.se\/wp-content\/uploads\/2023\/11\/icontext_288ppi.png","width":7680,"height":2455,"caption":"Engin IT Nordic AB"},"image":{"@id":"https:\/\/enginit.se\/#\/schema\/logo\/image\/"},"sameAs":["https:\/\/www.linkedin.com\/company\/engin-it-nordic-ab"]}]}},"jetpack_sharing_enabled":true,"_links":{"self":[{"href":"https:\/\/enginit.se\/en\/wp-json\/wp\/v2\/pages\/672","targetHints":{"allow":["GET"]}}],"collection":[{"href":"https:\/\/enginit.se\/en\/wp-json\/wp\/v2\/pages"}],"about":[{"href":"https:\/\/enginit.se\/en\/wp-json\/wp\/v2\/types\/page"}],"author":[{"embeddable":true,"href":"https:\/\/enginit.se\/en\/wp-json\/wp\/v2\/users\/1"}],"replies":[{"embeddable":true,"href":"https:\/\/enginit.se\/en\/wp-json\/wp\/v2\/comments?post=672"}],"version-history":[{"count":3,"href":"https:\/\/enginit.se\/en\/wp-json\/wp\/v2\/pages\/672\/revisions"}],"predecessor-version":[{"id":1882,"href":"https:\/\/enginit.se\/en\/wp-json\/wp\/v2\/pages\/672\/revisions\/1882"}],"wp:attachment":[{"href":"https:\/\/enginit.se\/en\/wp-json\/wp\/v2\/media?parent=672"}],"curies":[{"name":"wp","href":"https:\/\/api.w.org\/{rel}","templated":true}]}}